{"id":1279,"date":"2024-04-01T15:40:35","date_gmt":"2024-04-01T19:40:35","guid":{"rendered":"http:\/\/tec-2046\/msweb\/?page_id=1279"},"modified":"2024-05-24T17:41:44","modified_gmt":"2024-05-24T21:41:44","slug":"programa-nacional-de-formacion-en-administracion","status":"publish","type":"page","link":"http:\/\/www.misionsucre.gob.ve\/msweb\/index.php\/programa-nacional-de-formacion-en-administracion\/","title":{"rendered":"Programa Nacional de Formaci\u00f3n en Administraci\u00f3n"},"content":{"rendered":"\n<p>Contiene la importancia de generar nuevos modelos administrativos que est\u00e9n enfocados en el desarrollo end\u00f3geno sustentable y auto sustentable. Estos modelos buscan contribuir a la construcci\u00f3n de una sociedad que tengan un nivel de conciencia que les permita asumir sus responsabilidades en el entorno social.<\/p>\n\n\n\n<div data-wp-interactive=\"core\/file\" class=\"wp-block-file\"><object data-wp-bind--hidden=\"!state.hasPdfPreview\"  class=\"wp-block-file__embed\" data=\"\/msweb\/wp-content\/uploads\/2024\/04\/PNF-Administracion2010.pdf\" type=\"application\/pdf\" style=\"width:100%;height:600px\" aria-label=\"PDF incrustado\"><\/object><\/div>\n","protected":false},"excerpt":{"rendered":"<p>Contiene la importancia de generar nuevos modelos administrativos que est\u00e9n enfocados en el desarrollo end\u00f3geno sustentable y auto sustentable. Estos modelos buscan contribuir a la construcci\u00f3n de una sociedad que tengan un nivel de conciencia que les permita asumir sus responsabilidades en el entorno social.<\/p>\n","protected":false},"author":1,"featured_media":0,"parent":0,"menu_order":0,"comment_status":"closed","ping_status":"closed","template":"","meta":{"footnotes":""},"_links":{"self":[{"href":"http:\/\/www.misionsucre.gob.ve\/msweb\/index.php\/wp-json\/wp\/v2\/pages\/1279"}],"collection":[{"href":"http:\/\/www.misionsucre.gob.ve\/msweb\/index.php\/wp-json\/wp\/v2\/pages"}],"about":[{"href":"http:\/\/www.misionsucre.gob.ve\/msweb\/index.php\/wp-json\/wp\/v2\/types\/page"}],"author":[{"embeddable":true,"href":"http:\/\/www.misionsucre.gob.ve\/msweb\/index.php\/wp-json\/wp\/v2\/users\/1"}],"replies":[{"embeddable":true,"href":"http:\/\/www.misionsucre.gob.ve\/msweb\/index.php\/wp-json\/wp\/v2\/comments?post=1279"}],"version-history":[{"count":3,"href":"http:\/\/www.misionsucre.gob.ve\/msweb\/index.php\/wp-json\/wp\/v2\/pages\/1279\/revisions"}],"predecessor-version":[{"id":1721,"href":"http:\/\/www.misionsucre.gob.ve\/msweb\/index.php\/wp-json\/wp\/v2\/pages\/1279\/revisions\/1721"}],"wp:attachment":[{"href":"http:\/\/www.misionsucre.gob.ve\/msweb\/index.php\/wp-json\/wp\/v2\/media?parent=1279"}],"curies":[{"name":"wp","href":"https:\/\/api.w.org\/{rel}","templated":true}]}}