{"id":1281,"date":"2024-04-01T15:44:18","date_gmt":"2024-04-01T19:44:18","guid":{"rendered":"http:\/\/tec-2046\/msweb\/?page_id=1281"},"modified":"2024-05-24T17:41:44","modified_gmt":"2024-05-24T21:41:44","slug":"programa-nacional-de-formacion-de-grado-en-agroecologia","status":"publish","type":"page","link":"http:\/\/www.misionsucre.gob.ve\/msweb\/index.php\/programa-nacional-de-formacion-de-grado-en-agroecologia\/","title":{"rendered":"Programa Nacional de Formaci\u00f3n de grado en Agroecolog\u00eda"},"content":{"rendered":"\n<p>Este programa tiene como objetivo principal, formar a los ciudadanos universitarios en \u00e1reas relacionadas con la sustentabilidad del ambiente, los agroecosistemas y la producci\u00f3n agropecuaria. Busca promover la soberan\u00eda y seguridad agroalimentaria del pa\u00eds; as\u00ed como tambi\u00e9n contribuir a la trans Formaci\u00f3n socialista desde el \u00e1mbito rural. Adem\u00e1s, se enfoca en la Formaci\u00f3n de individuos comprometidos con la trans Formaci\u00f3n estructural del estado y la sociedad.<\/p>\n\n\n\n<div data-wp-interactive=\"core\/file\" class=\"wp-block-file\"><object data-wp-bind--hidden=\"!state.hasPdfPreview\"  class=\"wp-block-file__embed\" data=\"\/msweb\/wp-content\/uploads\/2024\/04\/PFG-Agroecologia-CEA-2007.pdf\" type=\"application\/pdf\" style=\"width:100%;height:600px\" aria-label=\"PDF incrustado\"><\/object><\/div>\n","protected":false},"excerpt":{"rendered":"<p>Este programa tiene como objetivo principal, formar a los ciudadanos universitarios en \u00e1reas relacionadas con la sustentabilidad del ambiente, los agroecosistemas y la producci\u00f3n agropecuaria. Busca promover la soberan\u00eda y seguridad agroalimentaria del pa\u00eds; as\u00ed como tambi\u00e9n contribuir a la trans Formaci\u00f3n socialista desde el \u00e1mbito rural. Adem\u00e1s, se enfoca&hellip;<\/p>\n","protected":false},"author":1,"featured_media":0,"parent":0,"menu_order":0,"comment_status":"closed","ping_status":"closed","template":"","meta":{"footnotes":""},"_links":{"self":[{"href":"http:\/\/www.misionsucre.gob.ve\/msweb\/index.php\/wp-json\/wp\/v2\/pages\/1281"}],"collection":[{"href":"http:\/\/www.misionsucre.gob.ve\/msweb\/index.php\/wp-json\/wp\/v2\/pages"}],"about":[{"href":"http:\/\/www.misionsucre.gob.ve\/msweb\/index.php\/wp-json\/wp\/v2\/types\/page"}],"author":[{"embeddable":true,"href":"http:\/\/www.misionsucre.gob.ve\/msweb\/index.php\/wp-json\/wp\/v2\/users\/1"}],"replies":[{"embeddable":true,"href":"http:\/\/www.misionsucre.gob.ve\/msweb\/index.php\/wp-json\/wp\/v2\/comments?post=1281"}],"version-history":[{"count":3,"href":"http:\/\/www.misionsucre.gob.ve\/msweb\/index.php\/wp-json\/wp\/v2\/pages\/1281\/revisions"}],"predecessor-version":[{"id":1719,"href":"http:\/\/www.misionsucre.gob.ve\/msweb\/index.php\/wp-json\/wp\/v2\/pages\/1281\/revisions\/1719"}],"wp:attachment":[{"href":"http:\/\/www.misionsucre.gob.ve\/msweb\/index.php\/wp-json\/wp\/v2\/media?parent=1281"}],"curies":[{"name":"wp","href":"https:\/\/api.w.org\/{rel}","templated":true}]}}