{"id":1287,"date":"2024-04-01T15:48:23","date_gmt":"2024-04-01T19:48:23","guid":{"rendered":"http:\/\/tec-2046\/msweb\/?page_id=1287"},"modified":"2024-05-24T17:41:44","modified_gmt":"2024-05-24T21:41:44","slug":"programa-nacional-de-formacion-de-educadores","status":"publish","type":"page","link":"http:\/\/www.misionsucre.gob.ve\/msweb\/index.php\/programa-nacional-de-formacion-de-educadores\/","title":{"rendered":"Programa Nacional de Formaci\u00f3n de Educadores"},"content":{"rendered":"\n<p>La Formaci\u00f3n de educadores, se enfoca en una pedagog\u00eda centrada en el sujeto, considerando su papel activo y transformador en el proceso educativo. Se busca formar ciudadanos solidario, participativo, corresponsable, comprometido pol\u00edticamente y socialmente, capaces de reflexionar de manera cr\u00edtica y responsable sobre su entorno y contribuir activamente a su trans Formaci\u00f3n.<\/p>\n\n\n\n<div data-wp-interactive=\"core\/file\" class=\"wp-block-file\"><object data-wp-bind--hidden=\"!state.hasPdfPreview\"  class=\"wp-block-file__embed\" data=\"\/msweb\/wp-content\/uploads\/2024\/04\/PNF-Educadores-UBV.pdf\" type=\"application\/pdf\" style=\"width:100%;height:600px\" aria-label=\"PDF incrustado\"><\/object><\/div>\n","protected":false},"excerpt":{"rendered":"<p>La Formaci\u00f3n de educadores, se enfoca en una pedagog\u00eda centrada en el sujeto, considerando su papel activo y transformador en el proceso educativo. Se busca formar ciudadanos solidario, participativo, corresponsable, comprometido pol\u00edticamente y socialmente, capaces de reflexionar de manera cr\u00edtica y responsable sobre su entorno y contribuir activamente a su&hellip;<\/p>\n","protected":false},"author":1,"featured_media":0,"parent":0,"menu_order":0,"comment_status":"closed","ping_status":"closed","template":"","meta":{"footnotes":""},"_links":{"self":[{"href":"http:\/\/www.misionsucre.gob.ve\/msweb\/index.php\/wp-json\/wp\/v2\/pages\/1287"}],"collection":[{"href":"http:\/\/www.misionsucre.gob.ve\/msweb\/index.php\/wp-json\/wp\/v2\/pages"}],"about":[{"href":"http:\/\/www.misionsucre.gob.ve\/msweb\/index.php\/wp-json\/wp\/v2\/types\/page"}],"author":[{"embeddable":true,"href":"http:\/\/www.misionsucre.gob.ve\/msweb\/index.php\/wp-json\/wp\/v2\/users\/1"}],"replies":[{"embeddable":true,"href":"http:\/\/www.misionsucre.gob.ve\/msweb\/index.php\/wp-json\/wp\/v2\/comments?post=1287"}],"version-history":[{"count":2,"href":"http:\/\/www.misionsucre.gob.ve\/msweb\/index.php\/wp-json\/wp\/v2\/pages\/1287\/revisions"}],"predecessor-version":[{"id":1717,"href":"http:\/\/www.misionsucre.gob.ve\/msweb\/index.php\/wp-json\/wp\/v2\/pages\/1287\/revisions\/1717"}],"wp:attachment":[{"href":"http:\/\/www.misionsucre.gob.ve\/msweb\/index.php\/wp-json\/wp\/v2\/media?parent=1287"}],"curies":[{"name":"wp","href":"https:\/\/api.w.org\/{rel}","templated":true}]}}