{"id":1291,"date":"2024-04-01T15:54:48","date_gmt":"2024-04-01T19:54:48","guid":{"rendered":"http:\/\/tec-2046\/msweb\/?page_id=1291"},"modified":"2024-05-24T17:41:45","modified_gmt":"2024-05-24T21:41:45","slug":"programa-nacional-de-formacion-en-la-electronica","status":"publish","type":"page","link":"http:\/\/www.misionsucre.gob.ve\/msweb\/index.php\/programa-nacional-de-formacion-en-la-electronica\/","title":{"rendered":"Programa Nacional de Formaci\u00f3n en la Electr\u00f3nica"},"content":{"rendered":"\n<p>Es importante que estas instituciones est\u00e9n constantemente actualizando su oferta curricular, incorporando los \u00faltimos avances cient\u00edficos y tecnol\u00f3gicos en sus programas de estudio. De esta manera, se garantiza que los estudiantes adquieran las habilidades y conocimientos necesarios para adaptarse en un entorno laboral en constante cambio y para contribuir al desarrollo de la sociedad en un contexto de innovaci\u00f3n y progreso.<\/p>\n\n\n\n<div data-wp-interactive=\"core\/file\" class=\"wp-block-file\"><object data-wp-bind--hidden=\"!state.hasPdfPreview\"  class=\"wp-block-file__embed\" data=\"\/msweb\/wp-content\/uploads\/2024\/04\/PFG-Eletronica.pdf\" type=\"application\/pdf\" style=\"width:100%;height:600px\" aria-label=\"PDF incrustado\"><\/object><\/div>\n","protected":false},"excerpt":{"rendered":"<p>Es importante que estas instituciones est\u00e9n constantemente actualizando su oferta curricular, incorporando los \u00faltimos avances cient\u00edficos y tecnol\u00f3gicos en sus programas de estudio. De esta manera, se garantiza que los estudiantes adquieran las habilidades y conocimientos necesarios para adaptarse en un entorno laboral en constante cambio y para contribuir al&hellip;<\/p>\n","protected":false},"author":1,"featured_media":0,"parent":0,"menu_order":0,"comment_status":"closed","ping_status":"closed","template":"","meta":{"footnotes":""},"_links":{"self":[{"href":"http:\/\/www.misionsucre.gob.ve\/msweb\/index.php\/wp-json\/wp\/v2\/pages\/1291"}],"collection":[{"href":"http:\/\/www.misionsucre.gob.ve\/msweb\/index.php\/wp-json\/wp\/v2\/pages"}],"about":[{"href":"http:\/\/www.misionsucre.gob.ve\/msweb\/index.php\/wp-json\/wp\/v2\/types\/page"}],"author":[{"embeddable":true,"href":"http:\/\/www.misionsucre.gob.ve\/msweb\/index.php\/wp-json\/wp\/v2\/users\/1"}],"replies":[{"embeddable":true,"href":"http:\/\/www.misionsucre.gob.ve\/msweb\/index.php\/wp-json\/wp\/v2\/comments?post=1291"}],"version-history":[{"count":2,"href":"http:\/\/www.misionsucre.gob.ve\/msweb\/index.php\/wp-json\/wp\/v2\/pages\/1291\/revisions"}],"predecessor-version":[{"id":1726,"href":"http:\/\/www.misionsucre.gob.ve\/msweb\/index.php\/wp-json\/wp\/v2\/pages\/1291\/revisions\/1726"}],"wp:attachment":[{"href":"http:\/\/www.misionsucre.gob.ve\/msweb\/index.php\/wp-json\/wp\/v2\/media?parent=1291"}],"curies":[{"name":"wp","href":"https:\/\/api.w.org\/{rel}","templated":true}]}}