{"id":1297,"date":"2024-04-01T16:05:27","date_gmt":"2024-04-01T20:05:27","guid":{"rendered":"http:\/\/tec-2046\/msweb\/?page_id=1297"},"modified":"2024-05-24T17:41:45","modified_gmt":"2024-05-24T21:41:45","slug":"programa-nacional-de-formacion-en-informatica","status":"publish","type":"page","link":"http:\/\/www.misionsucre.gob.ve\/msweb\/index.php\/programa-nacional-de-formacion-en-informatica\/","title":{"rendered":"Programa Nacional de Formaci\u00f3n en Inform\u00e1tica"},"content":{"rendered":"\n<p>La inform\u00e1tica, ejerce un rol protag\u00f3nico en la plataforma tecnol\u00f3gica de Formaci\u00f3n y comunicaci\u00f3n; han determinado que es un factor decisivo para el desarrollo de la sociedad, su impacto se evidencia en distintos \u00e1mbitos de la vida cotidiana, salud, comercio, industria y desastres naturales, teniendo mayor realce en el proceso educativo; se basa en el desarrollo de soluciones tecnol\u00f3gicas acorde con las necesidades del pa\u00eds para formar talento humano con alto sentido de compromiso social, orientado a la soberan\u00eda de seguridad tecnol\u00f3gica en esta \u00e1rea.<\/p>\n\n\n\n<div data-wp-interactive=\"core\/file\" class=\"wp-block-file\"><object data-wp-bind--hidden=\"!state.hasPdfPreview\"  class=\"wp-block-file__embed\" data=\"\/msweb\/wp-content\/uploads\/2024\/04\/PNF-Informatica-2008.pdf\" type=\"application\/pdf\" style=\"width:100%;height:600px\" aria-label=\"PDF incrustado\"><\/object><\/div>\n","protected":false},"excerpt":{"rendered":"<p>La inform\u00e1tica, ejerce un rol protag\u00f3nico en la plataforma tecnol\u00f3gica de Formaci\u00f3n y comunicaci\u00f3n; han determinado que es un factor decisivo para el desarrollo de la sociedad, su impacto se evidencia en distintos \u00e1mbitos de la vida cotidiana, salud, comercio, industria y desastres naturales, teniendo mayor realce en el proceso&hellip;<\/p>\n","protected":false},"author":1,"featured_media":0,"parent":0,"menu_order":0,"comment_status":"closed","ping_status":"closed","template":"","meta":{"footnotes":""},"_links":{"self":[{"href":"http:\/\/www.misionsucre.gob.ve\/msweb\/index.php\/wp-json\/wp\/v2\/pages\/1297"}],"collection":[{"href":"http:\/\/www.misionsucre.gob.ve\/msweb\/index.php\/wp-json\/wp\/v2\/pages"}],"about":[{"href":"http:\/\/www.misionsucre.gob.ve\/msweb\/index.php\/wp-json\/wp\/v2\/types\/page"}],"author":[{"embeddable":true,"href":"http:\/\/www.misionsucre.gob.ve\/msweb\/index.php\/wp-json\/wp\/v2\/users\/1"}],"replies":[{"embeddable":true,"href":"http:\/\/www.misionsucre.gob.ve\/msweb\/index.php\/wp-json\/wp\/v2\/comments?post=1297"}],"version-history":[{"count":2,"href":"http:\/\/www.misionsucre.gob.ve\/msweb\/index.php\/wp-json\/wp\/v2\/pages\/1297\/revisions"}],"predecessor-version":[{"id":1725,"href":"http:\/\/www.misionsucre.gob.ve\/msweb\/index.php\/wp-json\/wp\/v2\/pages\/1297\/revisions\/1725"}],"wp:attachment":[{"href":"http:\/\/www.misionsucre.gob.ve\/msweb\/index.php\/wp-json\/wp\/v2\/media?parent=1297"}],"curies":[{"name":"wp","href":"https:\/\/api.w.org\/{rel}","templated":true}]}}