{"id":1301,"date":"2024-04-01T16:07:48","date_gmt":"2024-04-01T20:07:48","guid":{"rendered":"http:\/\/tec-2046\/msweb\/?page_id=1301"},"modified":"2024-05-24T17:41:45","modified_gmt":"2024-05-24T21:41:45","slug":"programa-nacional-de-formacion-en-mecanica","status":"publish","type":"page","link":"http:\/\/www.misionsucre.gob.ve\/msweb\/index.php\/programa-nacional-de-formacion-en-mecanica\/","title":{"rendered":"Programa Nacional de Formaci\u00f3n en Mec\u00e1nica"},"content":{"rendered":"\n<p>La mec\u00e1nica se ense\u00f1a a trav\u00e9s de los talleres y actividades pr\u00e1cticas que pueden ser acreditadas, lo que permite a los estudiante complementar su Formaci\u00f3n te\u00f3rica con experiencia pr\u00e1ctica. Esta actividad permite a los estudiantes adquirir competencias y habilidades, que ser\u00e1n \u00fatiles a lo largo de su programa de Formaci\u00f3n.<\/p>\n\n\n\n<div data-wp-interactive=\"core\/file\" class=\"wp-block-file\"><object data-wp-bind--hidden=\"!state.hasPdfPreview\"  class=\"wp-block-file__embed\" data=\"\/msweb\/wp-content\/uploads\/2024\/04\/PFG-Mecanica.pdf\" type=\"application\/pdf\" style=\"width:100%;height:600px\" aria-label=\"PDF incrustado\"><\/object><\/div>\n","protected":false},"excerpt":{"rendered":"<p>La mec\u00e1nica se ense\u00f1a a trav\u00e9s de los talleres y actividades pr\u00e1cticas que pueden ser acreditadas, lo que permite a los estudiante complementar su Formaci\u00f3n te\u00f3rica con experiencia pr\u00e1ctica. Esta actividad permite a los estudiantes adquirir competencias y habilidades, que ser\u00e1n \u00fatiles a lo largo de su programa de Formaci\u00f3n.<\/p>\n","protected":false},"author":1,"featured_media":0,"parent":0,"menu_order":0,"comment_status":"closed","ping_status":"closed","template":"","meta":{"footnotes":""},"_links":{"self":[{"href":"http:\/\/www.misionsucre.gob.ve\/msweb\/index.php\/wp-json\/wp\/v2\/pages\/1301"}],"collection":[{"href":"http:\/\/www.misionsucre.gob.ve\/msweb\/index.php\/wp-json\/wp\/v2\/pages"}],"about":[{"href":"http:\/\/www.misionsucre.gob.ve\/msweb\/index.php\/wp-json\/wp\/v2\/types\/page"}],"author":[{"embeddable":true,"href":"http:\/\/www.misionsucre.gob.ve\/msweb\/index.php\/wp-json\/wp\/v2\/users\/1"}],"replies":[{"embeddable":true,"href":"http:\/\/www.misionsucre.gob.ve\/msweb\/index.php\/wp-json\/wp\/v2\/comments?post=1301"}],"version-history":[{"count":2,"href":"http:\/\/www.misionsucre.gob.ve\/msweb\/index.php\/wp-json\/wp\/v2\/pages\/1301\/revisions"}],"predecessor-version":[{"id":1728,"href":"http:\/\/www.misionsucre.gob.ve\/msweb\/index.php\/wp-json\/wp\/v2\/pages\/1301\/revisions\/1728"}],"wp:attachment":[{"href":"http:\/\/www.misionsucre.gob.ve\/msweb\/index.php\/wp-json\/wp\/v2\/media?parent=1301"}],"curies":[{"name":"wp","href":"https:\/\/api.w.org\/{rel}","templated":true}]}}