{"id":1303,"date":"2024-04-01T16:28:44","date_gmt":"2024-04-01T20:28:44","guid":{"rendered":"http:\/\/tec-2046\/msweb\/?page_id=1303"},"modified":"2024-05-24T17:41:45","modified_gmt":"2024-05-24T21:41:45","slug":"programa-nacional-de-formacion-en-quimica","status":"publish","type":"page","link":"http:\/\/www.misionsucre.gob.ve\/msweb\/index.php\/programa-nacional-de-formacion-en-quimica\/","title":{"rendered":"Programa Nacional de Formaci\u00f3n en Qu\u00edmica"},"content":{"rendered":"\n<p>Durante su Formaci\u00f3n, el estudiante de qu\u00edmica recibir\u00e1 informaci\u00f3n sobre aspectos importantes que contribuir\u00e1n a su Formaci\u00f3n integral del futuro profesional. Estos aspectos se abordar\u00e1n a trav\u00e9s de ejes transversales que se desarrollar\u00e1n a lo largo de su carrera, a medida que adquiera conocimientos te\u00f3ricos y pr\u00e1cticos relacionados con las competencias de la qu\u00edmica.<\/p>\n\n\n\n<div data-wp-interactive=\"core\/file\" class=\"wp-block-file\"><object data-wp-bind--hidden=\"!state.hasPdfPreview\"  class=\"wp-block-file__embed\" data=\"\/msweb\/wp-content\/uploads\/2024\/04\/PFG-Quimica.pdf\" type=\"application\/pdf\" style=\"width:100%;height:600px\" aria-label=\"PDF incrustado\"><\/object><\/div>\n","protected":false},"excerpt":{"rendered":"<p>Durante su Formaci\u00f3n, el estudiante de qu\u00edmica recibir\u00e1 informaci\u00f3n sobre aspectos importantes que contribuir\u00e1n a su Formaci\u00f3n integral del futuro profesional. Estos aspectos se abordar\u00e1n a trav\u00e9s de ejes transversales que se desarrollar\u00e1n a lo largo de su carrera, a medida que adquiera conocimientos te\u00f3ricos y pr\u00e1cticos relacionados con las&hellip;<\/p>\n","protected":false},"author":1,"featured_media":0,"parent":0,"menu_order":0,"comment_status":"closed","ping_status":"closed","template":"","meta":{"footnotes":""},"_links":{"self":[{"href":"http:\/\/www.misionsucre.gob.ve\/msweb\/index.php\/wp-json\/wp\/v2\/pages\/1303"}],"collection":[{"href":"http:\/\/www.misionsucre.gob.ve\/msweb\/index.php\/wp-json\/wp\/v2\/pages"}],"about":[{"href":"http:\/\/www.misionsucre.gob.ve\/msweb\/index.php\/wp-json\/wp\/v2\/types\/page"}],"author":[{"embeddable":true,"href":"http:\/\/www.misionsucre.gob.ve\/msweb\/index.php\/wp-json\/wp\/v2\/users\/1"}],"replies":[{"embeddable":true,"href":"http:\/\/www.misionsucre.gob.ve\/msweb\/index.php\/wp-json\/wp\/v2\/comments?post=1303"}],"version-history":[{"count":3,"href":"http:\/\/www.misionsucre.gob.ve\/msweb\/index.php\/wp-json\/wp\/v2\/pages\/1303\/revisions"}],"predecessor-version":[{"id":1729,"href":"http:\/\/www.misionsucre.gob.ve\/msweb\/index.php\/wp-json\/wp\/v2\/pages\/1303\/revisions\/1729"}],"wp:attachment":[{"href":"http:\/\/www.misionsucre.gob.ve\/msweb\/index.php\/wp-json\/wp\/v2\/media?parent=1303"}],"curies":[{"name":"wp","href":"https:\/\/api.w.org\/{rel}","templated":true}]}}