{"id":1306,"date":"2024-04-01T16:31:19","date_gmt":"2024-04-01T20:31:19","guid":{"rendered":"http:\/\/tec-2046\/msweb\/?page_id=1306"},"modified":"2024-05-24T17:41:45","modified_gmt":"2024-05-24T21:41:45","slug":"programa-nacional-de-formacion-en-turismo","status":"publish","type":"page","link":"http:\/\/www.misionsucre.gob.ve\/msweb\/index.php\/programa-nacional-de-formacion-en-turismo\/","title":{"rendered":"Programa Nacional de Formaci\u00f3n en Turismo"},"content":{"rendered":"\n<p>Constituye una propuesta curricular cuya misi\u00f3n es formar, actualizar, perfeccionar y capacitar a profesionales capaces de satisfacer las demandas locales y regionales de profesionales del \u00e1rea tur\u00edstica, de tal manera, que logre brindar un servicio tur\u00edstico integral de calidad a los visitantes y turistas tanto Nacionales como Internacionales.<\/p>\n\n\n\n<div data-wp-interactive=\"core\/file\" class=\"wp-block-file\"><object data-wp-bind--hidden=\"!state.hasPdfPreview\"  class=\"wp-block-file__embed\" data=\"\/msweb\/wp-content\/uploads\/2024\/04\/PNF-Turismo-2014.pdf\" type=\"application\/pdf\" style=\"width:100%;height:600px\" aria-label=\"PDF incrustado\"><\/object><\/div>\n","protected":false},"excerpt":{"rendered":"<p>Constituye una propuesta curricular cuya misi\u00f3n es formar, actualizar, perfeccionar y capacitar a profesionales capaces de satisfacer las demandas locales y regionales de profesionales del \u00e1rea tur\u00edstica, de tal manera, que logre brindar un servicio tur\u00edstico integral de calidad a los visitantes y turistas tanto Nacionales como Internacionales.<\/p>\n","protected":false},"author":1,"featured_media":0,"parent":0,"menu_order":0,"comment_status":"closed","ping_status":"closed","template":"","meta":{"footnotes":""},"_links":{"self":[{"href":"http:\/\/www.misionsucre.gob.ve\/msweb\/index.php\/wp-json\/wp\/v2\/pages\/1306"}],"collection":[{"href":"http:\/\/www.misionsucre.gob.ve\/msweb\/index.php\/wp-json\/wp\/v2\/pages"}],"about":[{"href":"http:\/\/www.misionsucre.gob.ve\/msweb\/index.php\/wp-json\/wp\/v2\/types\/page"}],"author":[{"embeddable":true,"href":"http:\/\/www.misionsucre.gob.ve\/msweb\/index.php\/wp-json\/wp\/v2\/users\/1"}],"replies":[{"embeddable":true,"href":"http:\/\/www.misionsucre.gob.ve\/msweb\/index.php\/wp-json\/wp\/v2\/comments?post=1306"}],"version-history":[{"count":3,"href":"http:\/\/www.misionsucre.gob.ve\/msweb\/index.php\/wp-json\/wp\/v2\/pages\/1306\/revisions"}],"predecessor-version":[{"id":1730,"href":"http:\/\/www.misionsucre.gob.ve\/msweb\/index.php\/wp-json\/wp\/v2\/pages\/1306\/revisions\/1730"}],"wp:attachment":[{"href":"http:\/\/www.misionsucre.gob.ve\/msweb\/index.php\/wp-json\/wp\/v2\/media?parent=1306"}],"curies":[{"name":"wp","href":"https:\/\/api.w.org\/{rel}","templated":true}]}}