{"id":1309,"date":"2024-04-01T16:43:34","date_gmt":"2024-04-01T20:43:34","guid":{"rendered":"http:\/\/tec-2046\/msweb\/?page_id=1309"},"modified":"2024-05-24T18:00:40","modified_gmt":"2024-05-24T22:00:40","slug":"programas-nacionales-de-formacion","status":"publish","type":"page","link":"http:\/\/www.misionsucre.gob.ve\/msweb\/index.php\/programas-nacionales-de-formacion\/","title":{"rendered":"Programas Nacionales de Formaci\u00f3n"},"content":{"rendered":"<ul>\n<li><a href=\"\/msweb\/index.php\/programa-nacional-de-formacion-en-administracion\/\" data-wplink-url-error=\"true\">Programa Nacional de Formaci\u00f3n en Administraci\u00f3n<\/a><\/li>\n<li><a href=\"\/msweb\/index.php\/programa-nacional-de-formacion-de-grado-en-agroecologia\/\" data-wplink-url-error=\"true\">Programa Nacional de Formaci\u00f3n de Grado en Agroecolog\u00eda<\/a><\/li>\n<li><a href=\"\/msweb\/index.php\/programa-nacional-de-formacion-en-construccion-civiles\/\">Programa Nacional de Formaci\u00f3n en Construcciones Civiles<\/a><\/li>\n<li><a href=\"\/msweb\/index.php\/programa-nacional-de-formacion-de-educadores\/\">Programa Nacional de Formaci\u00f3n de Grado de Educadores<\/a><\/li>\n<li><a href=\"\/msweb\/index.php\/programa-nacional-de-formacion-en-electricidad\/\" data-wplink-url-error=\"true\">Programa Nacional de Formaci\u00f3n en Electricidad<\/a><\/li>\n<li><a href=\"\/msweb\/index.php\/programa-nacional-de-formacion-en-la-electronica\/\" data-wplink-url-error=\"true\">Programa Nacional de Formaci\u00f3n en la Electr\u00f3nica<\/a><\/li>\n<li><a href=\"\/msweb\/index.php\/programa-nacional-de-formacion-en-geologia-y-minas\/\" data-wplink-url-error=\"true\">Programa Nacional de Formaci\u00f3n en Geolog\u00eda y Minas<\/a><\/li>\n<li><a href=\"\/msweb\/index.php\/programa-nacional-de-formacion-de-grado-en-gestion-ambiental\/\" data-wplink-url-error=\"true\">Programa Nacional de Formaci\u00f3n de Grado en Gesti\u00f3n Ambiental<\/a><\/li>\n<li><a href=\"\/msweb\/index.php\/programa-nacional-de-formacion-en-informatica\/\" data-wplink-url-error=\"true\">Programa Nacional de Formaci\u00f3n en Inform\u00e1tica<\/a><\/li>\n<li><a href=\"\/msweb\/index.php\/programa-nacional-de-formacion-en-logistica-y-distribucion\/\" data-wplink-url-error=\"true\">Programa Nacional de Formaci\u00f3n en Log\u00edstica y Distribuci\u00f3n<\/a><\/li>\n<li><a href=\"\/msweb\/index.php\/programa-nacional-de-formacion-en-mecanica\/\" data-wplink-url-error=\"true\">Programa Nacional de Formaci\u00f3n en Mec\u00e1nica<\/a><\/li>\n<li><a href=\"\/msweb\/index.php\/programa-nacional-de-formacion-en-quimica\/\" data-wplink-url-error=\"true\">Programa Nacional de Formaci\u00f3n en Qu\u00edmica<\/a><\/li>\n<li><a href=\"\/msweb\/index.php\/programa-nacional-de-formacion-en-turismo\/\" data-wplink-url-error=\"true\">Programa Nacional de Formaci\u00f3n en Turismo<\/a><\/li>\n<li><a href=\"\/msweb\/index.php\/programa-nacional-de-formacion-en-agroalimentacion\/\">Programa Nacional de Formaci\u00f3n en Agroalimentaci\u00f3n<\/a><\/li>\n<li><a href=\"\/msweb\/index.php\/programa-nacional-de-formacion-de-entrenamiento-deportivo\/\">Programa Nacional de Formaci\u00f3n de Entrenamiento Deportivo<\/a><\/li>\n<\/ul>\n","protected":false},"excerpt":{"rendered":"<p>Programa Nacional de Formaci\u00f3n en Administraci\u00f3n Programa Nacional de Formaci\u00f3n de Grado en Agroecolog\u00eda Programa Nacional de Formaci\u00f3n en Construcciones Civiles Programa Nacional de Formaci\u00f3n de Grado de Educadores Programa Nacional de Formaci\u00f3n en Electricidad Programa Nacional de Formaci\u00f3n en la Electr\u00f3nica Programa Nacional de Formaci\u00f3n en Geolog\u00eda y Minas&hellip;<\/p>\n","protected":false},"author":1,"featured_media":0,"parent":0,"menu_order":0,"comment_status":"closed","ping_status":"closed","template":"","meta":{"footnotes":""},"_links":{"self":[{"href":"http:\/\/www.misionsucre.gob.ve\/msweb\/index.php\/wp-json\/wp\/v2\/pages\/1309"}],"collection":[{"href":"http:\/\/www.misionsucre.gob.ve\/msweb\/index.php\/wp-json\/wp\/v2\/pages"}],"about":[{"href":"http:\/\/www.misionsucre.gob.ve\/msweb\/index.php\/wp-json\/wp\/v2\/types\/page"}],"author":[{"embeddable":true,"href":"http:\/\/www.misionsucre.gob.ve\/msweb\/index.php\/wp-json\/wp\/v2\/users\/1"}],"replies":[{"embeddable":true,"href":"http:\/\/www.misionsucre.gob.ve\/msweb\/index.php\/wp-json\/wp\/v2\/comments?post=1309"}],"version-history":[{"count":15,"href":"http:\/\/www.misionsucre.gob.ve\/msweb\/index.php\/wp-json\/wp\/v2\/pages\/1309\/revisions"}],"predecessor-version":[{"id":2084,"href":"http:\/\/www.misionsucre.gob.ve\/msweb\/index.php\/wp-json\/wp\/v2\/pages\/1309\/revisions\/2084"}],"wp:attachment":[{"href":"http:\/\/www.misionsucre.gob.ve\/msweb\/index.php\/wp-json\/wp\/v2\/media?parent=1309"}],"curies":[{"name":"wp","href":"https:\/\/api.w.org\/{rel}","templated":true}]}}