{"id":2040,"date":"2024-05-24T16:52:58","date_gmt":"2024-05-24T20:52:58","guid":{"rendered":"http:\/\/portal.fms.gob.ve\/msweb\/?page_id=2040"},"modified":"2024-05-24T17:41:44","modified_gmt":"2024-05-24T21:41:44","slug":"programa-nacional-de-formacion-de-entrenamiento-deportivo","status":"publish","type":"page","link":"http:\/\/www.misionsucre.gob.ve\/msweb\/index.php\/programa-nacional-de-formacion-de-entrenamiento-deportivo\/","title":{"rendered":"Programa Nacional de Formaci\u00f3n de Entrenamiento Deportivo"},"content":{"rendered":"\n<p>Forma profesionales con capacidades, habilidades, destrezas, actitudes y valores para planificar, organizar, ejecutar, evaluar y controlar el entrenamiento deportivo en una disciplina para personas en los diferentes momentos de su vida. Contribuir\u00e1 en el desarrollo del deporte en todas sus manifestaciones -educativo, masivo y selectivo- con un \u00e9nfasis especial en la selecci\u00f3n, detecci\u00f3n y orientaci\u00f3n de talentos, el entrenamiento deportivo de iniciaci\u00f3n, desarrollo, promoci\u00f3n, perfeccionamiento y el alto rendimiento propiamente dicho del deporte aficionado y profesional, esenciales para la planificaci\u00f3n, supervisi\u00f3n y control del entrenamiento deportivo con ni\u00f1os, ni\u00f1as, adolescentes, adultos, adultos mayores y personas con discapacidad, para dar respuesta a necesidades del deporte en el \u00e1mbito de las concepciones filos\u00f3ficas y pol\u00edticas desarrolladas en los contextos socio-hist\u00f3ricos y culturales, utilizando los principios del entrenamiento deportivo sobre la base moderna y conceptual de las ciencias aplicadas al deporte.<\/p>\n\n\n\n<div data-wp-interactive=\"core\/file\" class=\"wp-block-file\"><object data-wp-bind--hidden=\"!state.hasPdfPreview\"  class=\"wp-block-file__embed\" data=\"\/msweb\/wp-content\/uploads\/2024\/05\/entrenamiento-deportivo.pdf\" type=\"application\/pdf\" style=\"width:100%;height:600px\" aria-label=\"PDF incrustado\"><\/object><\/div>\n","protected":false},"excerpt":{"rendered":"<p>Forma profesionales con capacidades, habilidades, destrezas, actitudes y valores para planificar, organizar, ejecutar, evaluar y controlar el entrenamiento deportivo en una disciplina para personas en los diferentes momentos de su vida. Contribuir\u00e1 en el desarrollo del deporte en todas sus manifestaciones -educativo, masivo y selectivo- con un \u00e9nfasis especial en&hellip;<\/p>\n","protected":false},"author":3,"featured_media":0,"parent":0,"menu_order":0,"comment_status":"closed","ping_status":"closed","template":"","meta":{"footnotes":""},"_links":{"self":[{"href":"http:\/\/www.misionsucre.gob.ve\/msweb\/index.php\/wp-json\/wp\/v2\/pages\/2040"}],"collection":[{"href":"http:\/\/www.misionsucre.gob.ve\/msweb\/index.php\/wp-json\/wp\/v2\/pages"}],"about":[{"href":"http:\/\/www.misionsucre.gob.ve\/msweb\/index.php\/wp-json\/wp\/v2\/types\/page"}],"author":[{"embeddable":true,"href":"http:\/\/www.misionsucre.gob.ve\/msweb\/index.php\/wp-json\/wp\/v2\/users\/3"}],"replies":[{"embeddable":true,"href":"http:\/\/www.misionsucre.gob.ve\/msweb\/index.php\/wp-json\/wp\/v2\/comments?post=2040"}],"version-history":[{"count":5,"href":"http:\/\/www.misionsucre.gob.ve\/msweb\/index.php\/wp-json\/wp\/v2\/pages\/2040\/revisions"}],"predecessor-version":[{"id":2052,"href":"http:\/\/www.misionsucre.gob.ve\/msweb\/index.php\/wp-json\/wp\/v2\/pages\/2040\/revisions\/2052"}],"wp:attachment":[{"href":"http:\/\/www.misionsucre.gob.ve\/msweb\/index.php\/wp-json\/wp\/v2\/media?parent=2040"}],"curies":[{"name":"wp","href":"https:\/\/api.w.org\/{rel}","templated":true}]}}