{"id":236,"date":"2024-02-06T21:10:36","date_gmt":"2024-02-07T01:10:36","guid":{"rendered":"http:\/\/localhost\/msweb\/?page_id=236"},"modified":"2024-06-05T08:30:50","modified_gmt":"2024-06-05T12:30:50","slug":"inicio-2","status":"publish","type":"page","link":"http:\/\/www.misionsucre.gob.ve\/msweb\/","title":{"rendered":"Principal"},"content":{"rendered":"\t\t<div data-elementor-type=\"wp-page\" data-elementor-id=\"236\" class=\"elementor elementor-236\">\r\n\t\t\t\t<div class=\"elementor-element elementor-element-e2d3ac1 e-con-full e-flex e-con e-parent\" data-id=\"e2d3ac1\" data-element_type=\"container\" data-settings=\"{&quot;background_background&quot;:&quot;classic&quot;}\">\r\n\t\t<a class=\"elementor-element elementor-element-1b0dfef e-con-full e-flex e-con e-child\" data-id=\"1b0dfef\" data-element_type=\"container\" href=\"index.php\/nuevo-ingreso\/\">\r\n\t\t\t\t<div class=\"elementor-element elementor-element-179e464 e-transform item-menu-init elementor-invisible elementor-widget elementor-widget-heading\" data-id=\"179e464\" data-element_type=\"widget\" data-settings=\"{&quot;_animation&quot;:&quot;bounceInLeft&quot;,&quot;_transform_scale_effect_hover&quot;:{&quot;unit&quot;:&quot;px&quot;,&quot;size&quot;:1.4,&quot;sizes&quot;:[]},&quot;_transform_scale_effect_hover_tablet&quot;:{&quot;unit&quot;:&quot;px&quot;,&quot;size&quot;:&quot;&quot;,&quot;sizes&quot;:[]},&quot;_transform_scale_effect_hover_mobile&quot;:{&quot;unit&quot;:&quot;px&quot;,&quot;size&quot;:&quot;&quot;,&quot;sizes&quot;:[]}}\" data-widget_type=\"heading.default\">\r\n\t\t\t\t<div class=\"elementor-widget-container\">\r\n\t\t\t<style>\/*! elementor - v3.21.0 - 30-04-2024 *\/\r\n.elementor-heading-title{padding:0;margin:0;line-height:1}.elementor-widget-heading .elementor-heading-title[class*=elementor-size-]>a{color:inherit;font-size:inherit;line-height:inherit}.elementor-widget-heading .elementor-heading-title.elementor-size-small{font-size:15px}.elementor-widget-heading .elementor-heading-title.elementor-size-medium{font-size:19px}.elementor-widget-heading .elementor-heading-title.elementor-size-large{font-size:29px}.elementor-widget-heading .elementor-heading-title.elementor-size-xl{font-size:39px}.elementor-widget-heading .elementor-heading-title.elementor-size-xxl{font-size:59px}<\/style><h2 class=\"elementor-heading-title elementor-size-default\">Nuevo ingreso<\/h2>\t\t<\/div>\r\n\t\t\t\t<\/div>\r\n\t\t\t\t<\/a>\r\n\t\t<a class=\"elementor-element elementor-element-35aef36 e-con-full e-flex e-con e-child\" data-id=\"35aef36\" data-element_type=\"container\" href=\"index.php\/triunfador-triunfadora\/\">\r\n\t\t\t\t<div class=\"elementor-element elementor-element-3db5fff e-transform item-menu-init elementor-invisible elementor-widget elementor-widget-heading\" data-id=\"3db5fff\" data-element_type=\"widget\" data-settings=\"{&quot;_animation&quot;:&quot;bounceInDown&quot;,&quot;_transform_scale_effect_hover&quot;:{&quot;unit&quot;:&quot;px&quot;,&quot;size&quot;:1.4,&quot;sizes&quot;:[]},&quot;_animation_delay&quot;:269,&quot;_transform_scale_effect_hover_tablet&quot;:{&quot;unit&quot;:&quot;px&quot;,&quot;size&quot;:&quot;&quot;,&quot;sizes&quot;:[]},&quot;_transform_scale_effect_hover_mobile&quot;:{&quot;unit&quot;:&quot;px&quot;,&quot;size&quot;:&quot;&quot;,&quot;sizes&quot;:[]}}\" data-widget_type=\"heading.default\">\r\n\t\t\t\t<div class=\"elementor-widget-container\">\r\n\t\t\t<h2 class=\"elementor-heading-title elementor-size-default\">Triunfador\nTriunfadora<\/h2>\t\t<\/div>\r\n\t\t\t\t<\/div>\r\n\t\t\t\t<\/a>\r\n\t\t<a class=\"elementor-element elementor-element-71615d1 e-con-full e-flex e-con e-child\" data-id=\"71615d1\" data-element_type=\"container\" href=\"index.php\/requisitos-de-egreso\/\">\r\n\t\t\t\t<div class=\"elementor-element elementor-element-98c718e e-transform item-menu-init elementor-invisible elementor-widget elementor-widget-heading\" data-id=\"98c718e\" data-element_type=\"widget\" data-settings=\"{&quot;_animation&quot;:&quot;bounceInUp&quot;,&quot;_transform_scale_effect_hover&quot;:{&quot;unit&quot;:&quot;px&quot;,&quot;size&quot;:1.4,&quot;sizes&quot;:[]},&quot;_transform_scale_effect_hover_tablet&quot;:{&quot;unit&quot;:&quot;px&quot;,&quot;size&quot;:&quot;&quot;,&quot;sizes&quot;:[]},&quot;_transform_scale_effect_hover_mobile&quot;:{&quot;unit&quot;:&quot;px&quot;,&quot;size&quot;:&quot;&quot;,&quot;sizes&quot;:[]}}\" data-widget_type=\"heading.default\">\r\n\t\t\t\t<div class=\"elementor-widget-container\">\r\n\t\t\t<h2 class=\"elementor-heading-title elementor-size-default\"><span style=\"font-weight: var( --e-global-typography-primary-font-weight );\">Egresado<\/span><\/h2>\t\t<\/div>\r\n\t\t\t\t<\/div>\r\n\t\t\t\t<\/a>\r\n\t\t<a class=\"elementor-element elementor-element-529d807 e-con-full e-flex e-con e-child\" data-id=\"529d807\" data-element_type=\"container\" href=\"\/msweb\/index.php\/colaborador\/\">\r\n\t\t\t\t<div class=\"elementor-element elementor-element-8b72664 e-transform item-menu-init elementor-invisible elementor-widget elementor-widget-heading\" data-id=\"8b72664\" data-element_type=\"widget\" data-settings=\"{&quot;_animation&quot;:&quot;bounceInDown&quot;,&quot;_transform_scale_effect_hover&quot;:{&quot;unit&quot;:&quot;px&quot;,&quot;size&quot;:1.4,&quot;sizes&quot;:[]},&quot;_transform_scale_effect_hover_tablet&quot;:{&quot;unit&quot;:&quot;px&quot;,&quot;size&quot;:&quot;&quot;,&quot;sizes&quot;:[]},&quot;_transform_scale_effect_hover_mobile&quot;:{&quot;unit&quot;:&quot;px&quot;,&quot;size&quot;:&quot;&quot;,&quot;sizes&quot;:[]}}\" data-widget_type=\"heading.default\">\r\n\t\t\t\t<div class=\"elementor-widget-container\">\r\n\t\t\t<h2 class=\"elementor-heading-title elementor-size-default\"><span style=\"font-weight: var( --e-global-typography-primary-font-weight );\">Colaborador<\/span><\/h2>\t\t<\/div>\r\n\t\t\t\t<\/div>\r\n\t\t\t\t<\/a>\r\n\t\t\t\t<\/div>\r\n\t\t<div class=\"elementor-element elementor-element-4cff699 e-flex e-con-boxed e-con e-parent\" data-id=\"4cff699\" data-element_type=\"container\">\r\n\t\t\t\t\t<div class=\"e-con-inner\">\r\n\t\t\t\t<div class=\"elementor-element elementor-element-43cf87c elementor-widget-divider--view-line elementor-widget elementor-widget-divider\" data-id=\"43cf87c\" data-element_type=\"widget\" data-widget_type=\"divider.default\">\r\n\t\t\t\t<div class=\"elementor-widget-container\">\r\n\t\t\t<style>\/*! elementor - v3.21.0 - 30-04-2024 *\/\r\n.elementor-widget-divider{--divider-border-style:none;--divider-border-width:1px;--divider-color:#0c0d0e;--divider-icon-size:20px;--divider-element-spacing:10px;--divider-pattern-height:24px;--divider-pattern-size:20px;--divider-pattern-url:none;--divider-pattern-repeat:repeat-x}.elementor-widget-divider .elementor-divider{display:flex}.elementor-widget-divider .elementor-divider__text{font-size:15px;line-height:1;max-width:95%}.elementor-widget-divider .elementor-divider__element{margin:0 var(--divider-element-spacing);flex-shrink:0}.elementor-widget-divider .elementor-icon{font-size:var(--divider-icon-size)}.elementor-widget-divider .elementor-divider-separator{display:flex;margin:0;direction:ltr}.elementor-widget-divider--view-line_icon .elementor-divider-separator,.elementor-widget-divider--view-line_text .elementor-divider-separator{align-items:center}.elementor-widget-divider--view-line_icon .elementor-divider-separator:after,.elementor-widget-divider--view-line_icon .elementor-divider-separator:before,.elementor-widget-divider--view-line_text .elementor-divider-separator:after,.elementor-widget-divider--view-line_text .elementor-divider-separator:before{display:block;content:\"\";border-block-end:0;flex-grow:1;border-block-start:var(--divider-border-width) var(--divider-border-style) var(--divider-color)}.elementor-widget-divider--element-align-left .elementor-divider .elementor-divider-separator>.elementor-divider__svg:first-of-type{flex-grow:0;flex-shrink:100}.elementor-widget-divider--element-align-left .elementor-divider-separator:before{content:none}.elementor-widget-divider--element-align-left .elementor-divider__element{margin-left:0}.elementor-widget-divider--element-align-right .elementor-divider .elementor-divider-separator>.elementor-divider__svg:last-of-type{flex-grow:0;flex-shrink:100}.elementor-widget-divider--element-align-right .elementor-divider-separator:after{content:none}.elementor-widget-divider--element-align-right .elementor-divider__element{margin-right:0}.elementor-widget-divider--element-align-start .elementor-divider .elementor-divider-separator>.elementor-divider__svg:first-of-type{flex-grow:0;flex-shrink:100}.elementor-widget-divider--element-align-start .elementor-divider-separator:before{content:none}.elementor-widget-divider--element-align-start .elementor-divider__element{margin-inline-start:0}.elementor-widget-divider--element-align-end .elementor-divider .elementor-divider-separator>.elementor-divider__svg:last-of-type{flex-grow:0;flex-shrink:100}.elementor-widget-divider--element-align-end .elementor-divider-separator:after{content:none}.elementor-widget-divider--element-align-end .elementor-divider__element{margin-inline-end:0}.elementor-widget-divider:not(.elementor-widget-divider--view-line_text):not(.elementor-widget-divider--view-line_icon) .elementor-divider-separator{border-block-start:var(--divider-border-width) var(--divider-border-style) var(--divider-color)}.elementor-widget-divider--separator-type-pattern{--divider-border-style:none}.elementor-widget-divider--separator-type-pattern.elementor-widget-divider--view-line .elementor-divider-separator,.elementor-widget-divider--separator-type-pattern:not(.elementor-widget-divider--view-line) .elementor-divider-separator:after,.elementor-widget-divider--separator-type-pattern:not(.elementor-widget-divider--view-line) .elementor-divider-separator:before,.elementor-widget-divider--separator-type-pattern:not([class*=elementor-widget-divider--view]) .elementor-divider-separator{width:100%;min-height:var(--divider-pattern-height);-webkit-mask-size:var(--divider-pattern-size) 100%;mask-size:var(--divider-pattern-size) 100%;-webkit-mask-repeat:var(--divider-pattern-repeat);mask-repeat:var(--divider-pattern-repeat);background-color:var(--divider-color);-webkit-mask-image:var(--divider-pattern-url);mask-image:var(--divider-pattern-url)}.elementor-widget-divider--no-spacing{--divider-pattern-size:auto}.elementor-widget-divider--bg-round{--divider-pattern-repeat:round}.rtl .elementor-widget-divider .elementor-divider__text{direction:rtl}.e-con-inner>.elementor-widget-divider,.e-con>.elementor-widget-divider{width:var(--container-widget-width,100%);--flex-grow:var(--container-widget-flex-grow)}<\/style>\t\t<div class=\"elementor-divider\">\r\n\t\t\t<span class=\"elementor-divider-separator\">\r\n\t\t\t\t\t\t<\/span>\r\n\t\t<\/div>\r\n\t\t\t\t<\/div>\r\n\t\t\t\t<\/div>\r\n\t\t\t\t\t<\/div>\r\n\t\t\t\t<\/div>\r\n\t\t<div class=\"elementor-element elementor-element-c44b9f2 e-flex e-con-boxed e-con e-parent\" data-id=\"c44b9f2\" data-element_type=\"container\">\r\n\t\t\t\t\t<div class=\"e-con-inner\">\r\n\t\t\t\t<div class=\"elementor-element elementor-element-d80188b elementor-widget elementor-widget-construction-light-blog\" data-id=\"d80188b\" data-element_type=\"widget\" data-widget_type=\"construction-light-blog.default\">\r\n\t\t\t\t<div class=\"elementor-widget-container\">\r\n\t\t\t\t\t<section class=\"cons_light_blog-list-area\">\r\n            <div class=\"container\">\r\n\r\n                            <div class=\"row\">\n\n                <div class=\"col-lg-12 col-sm-12 col-xs-12\">\n\n                    \n                        <h2 class=\"section-title\">Noticias<\/h2>\n\n                    \n                <\/div>\n\n            <\/div>\n        \r\n                <div class=\"row\">\r\n                    \t\t\t                        <div class=\"col-lg-4 col-md-4 col-sm-12 articlesListing blog-grid\">\r\n\t\t\t                            <article id=\"post-2638\" class=\"article post-2638 post type-post status-publish format-standard has-post-thumbnail hentry category-sin-categoria\">\r\n\t\t\t                                <div class=\"blog-post-thumbnail\">\r\n\t\t\t                                    <a class=\"post-thumbnail\" href=\"http:\/\/www.misionsucre.gob.ve\/msweb\/index.php\/2026\/03\/19\/la-consulta-nacional-para-la-calidad-academica-universitaria-llega-a-todo-el-territorio-nacional\/\" aria-hidden=\"true\" tabindex=\"-1\">\r\n\t\t\t                                        <img fetchpriority=\"high\" decoding=\"async\" width=\"350\" height=\"280\" src=\"http:\/\/www.misionsucre.gob.ve\/msweb\/wp-content\/uploads\/2026\/03\/WhatsApp-Image-2026-03-19-at-3.28.57-PM-350x280.jpeg\" class=\"attachment-construction-light-medium size-construction-light-medium wp-post-image\" alt=\"\" \/>\t\t\t                                    <\/a>\r\n\t\t\t                                <\/div>\r\n\t\t\t                                <div class=\"box\">\r\n\t\t\t                                    <h3 class=\"title\"><a href=\"http:\/\/www.misionsucre.gob.ve\/msweb\/index.php\/2026\/03\/19\/la-consulta-nacional-para-la-calidad-academica-universitaria-llega-a-todo-el-territorio-nacional\/\" rel=\"bookmark\">La Consulta Nacional para la Calidad Acad\u00e9mica Universitaria llega a todo el territorio nacional.<\/a><\/h3>\n        <div class=\"entry-meta info\">\n            <div><span class=\"posted-on\"><a href=\"http:\/\/www.misionsucre.gob.ve\/msweb\/index.php\/2026\/03\/19\/la-consulta-nacional-para-la-calidad-academica-universitaria-llega-a-todo-el-territorio-nacional\/\" rel=\"bookmark\"><time class=\"entry-date published updated\" datetime=\"2026-03-19T15:33:43-04:00\">19 de marzo de 2026<\/time><\/a><\/span><\/div><div><span class=\"byline\"> <span class=\"author vcard\"><a class=\"url fn n\" href=\"http:\/\/www.misionsucre.gob.ve\/msweb\/index.php\/author\/creador\/\">Creador de contenido<\/a><\/span><\/span><\/div>        <\/div><!-- .entry-meta -->\n\n       \t\t\t                                    \r\n\t\t\t                                    <div class=\"entry-content\">\r\n\t\t\t                                        <p>En el marco de la Consulta Nacional para la Calidad Acad\u00e9mica Universitaria, el pasado s\u00e1bado se llev\u00f3 a cabo el despliegue territorial en las Aldeas Universitarias de la Misi\u00f3n Sucre. La jornada cont\u00f3 con la participaci\u00f3n de Facilitadores, los triunfadores y triunfadoras, operarios y la comunidad en general, inicia esta&hellip;<\/p>\n\t\t\t                                    <\/div>\r\n\r\n\t\t\t                                    \t\t\t                                <\/div>\r\n\r\n\t\t\t                            <\/article><!-- #post-2638 -->\r\n\t\t\t                        <\/div>\r\n\t\t\t\t           \t\t\t                        <div class=\"col-lg-4 col-md-4 col-sm-12 articlesListing blog-grid\">\r\n\t\t\t                            <article id=\"post-2630\" class=\"article post-2630 post type-post status-publish format-standard has-post-thumbnail hentry category-sin-categoria\">\r\n\t\t\t                                <div class=\"blog-post-thumbnail\">\r\n\t\t\t                                    <a class=\"post-thumbnail\" href=\"http:\/\/www.misionsucre.gob.ve\/msweb\/index.php\/2026\/03\/13\/la-mujer-universitaria-alzo-su-voz-en-la-plaza-el-venezolano\/\" aria-hidden=\"true\" tabindex=\"-1\">\r\n\t\t\t                                        <img decoding=\"async\" width=\"350\" height=\"280\" src=\"http:\/\/www.misionsucre.gob.ve\/msweb\/wp-content\/uploads\/2026\/03\/WhatsApp-Image-2026-03-13-at-2.20.35-PM-2-350x280.jpeg\" class=\"attachment-construction-light-medium size-construction-light-medium wp-post-image\" alt=\"\" \/>\t\t\t                                    <\/a>\r\n\t\t\t                                <\/div>\r\n\t\t\t                                <div class=\"box\">\r\n\t\t\t                                    <h3 class=\"title\"><a href=\"http:\/\/www.misionsucre.gob.ve\/msweb\/index.php\/2026\/03\/13\/la-mujer-universitaria-alzo-su-voz-en-la-plaza-el-venezolano\/\" rel=\"bookmark\">La Mujer Universitaria alz\u00f3 su voz en la Plaza El Venezolano<\/a><\/h3>\n        <div class=\"entry-meta info\">\n            <div><span class=\"posted-on\"><a href=\"http:\/\/www.misionsucre.gob.ve\/msweb\/index.php\/2026\/03\/13\/la-mujer-universitaria-alzo-su-voz-en-la-plaza-el-venezolano\/\" rel=\"bookmark\"><time class=\"entry-date published updated\" datetime=\"2026-03-13T15:31:25-04:00\">13 de marzo de 2026<\/time><\/a><\/span><\/div><div><span class=\"byline\"> <span class=\"author vcard\"><a class=\"url fn n\" href=\"http:\/\/www.misionsucre.gob.ve\/msweb\/index.php\/author\/creador\/\">Creador de contenido<\/a><\/span><\/span><\/div>        <\/div><!-- .entry-meta -->\n\n       \t\t\t                                    \r\n\t\t\t                                    <div class=\"entry-content\">\r\n\t\t\t                                        <p>En un ambiente de debate y compromiso patri\u00f3tico, se llev\u00f3 a cabo con \u00e9xito el\u00a0Encuentro de la Mujer Universitaria\u00a0en los espacios de la Plaza El Venezolano, en el centro de Caracas. Esta actividad, realizada el pasado\u00a06 de marzo, sirvi\u00f3 como tribuna para que las estudiantes y trabajadoras del sector universitario&hellip;<\/p>\n\t\t\t                                    <\/div>\r\n\r\n\t\t\t                                    \t\t\t                                <\/div>\r\n\r\n\t\t\t                            <\/article><!-- #post-2630 -->\r\n\t\t\t                        <\/div>\r\n\t\t\t\t           \t\t\t                        <div class=\"col-lg-4 col-md-4 col-sm-12 articlesListing blog-grid\">\r\n\t\t\t                            <article id=\"post-2619\" class=\"article post-2619 post type-post status-publish format-standard has-post-thumbnail hentry category-sin-categoria\">\r\n\t\t\t                                <div class=\"blog-post-thumbnail\">\r\n\t\t\t                                    <a class=\"post-thumbnail\" href=\"http:\/\/www.misionsucre.gob.ve\/msweb\/index.php\/2026\/03\/13\/mision-sucre-rinde-homenaje-a-la-mujer-venezolana-heroinas-de-la-patria-y-vanguardia-de-la-revolucion\/\" aria-hidden=\"true\" tabindex=\"-1\">\r\n\t\t\t                                        <img decoding=\"async\" width=\"350\" height=\"280\" src=\"http:\/\/www.misionsucre.gob.ve\/msweb\/wp-content\/uploads\/2026\/03\/WhatsApp-Image-2026-03-13-at-2.13.02-PM-350x280.jpeg\" class=\"attachment-construction-light-medium size-construction-light-medium wp-post-image\" alt=\"\" \/>\t\t\t                                    <\/a>\r\n\t\t\t                                <\/div>\r\n\t\t\t                                <div class=\"box\">\r\n\t\t\t                                    <h3 class=\"title\"><a href=\"http:\/\/www.misionsucre.gob.ve\/msweb\/index.php\/2026\/03\/13\/mision-sucre-rinde-homenaje-a-la-mujer-venezolana-heroinas-de-la-patria-y-vanguardia-de-la-revolucion\/\" rel=\"bookmark\">Misi\u00f3n Sucre rinde homenaje a la mujer venezolana: \u00abHero\u00ednas de la Patria y vanguardia de la Revoluci\u00f3n\u00bb<\/a><\/h3>\n        <div class=\"entry-meta info\">\n            <div><span class=\"posted-on\"><a href=\"http:\/\/www.misionsucre.gob.ve\/msweb\/index.php\/2026\/03\/13\/mision-sucre-rinde-homenaje-a-la-mujer-venezolana-heroinas-de-la-patria-y-vanguardia-de-la-revolucion\/\" rel=\"bookmark\"><time class=\"entry-date published updated\" datetime=\"2026-03-13T15:14:49-04:00\">13 de marzo de 2026<\/time><\/a><\/span><\/div><div><span class=\"byline\"> <span class=\"author vcard\"><a class=\"url fn n\" href=\"http:\/\/www.misionsucre.gob.ve\/msweb\/index.php\/author\/creador\/\">Creador de contenido<\/a><\/span><\/span><\/div>        <\/div><!-- .entry-meta -->\n\n       \t\t\t                                    \r\n\t\t\t                                    <div class=\"entry-content\">\r\n\t\t\t                                        <p>Caracas, marzo de 2026.&nbsp;En conmemoraci\u00f3n del D\u00eda Internacional de la Mujer, la&nbsp;Misi\u00f3n Sucre&nbsp;present\u00f3 un emotivo material audiovisual que rinde tributo a la lucha hist\u00f3rica por la igualdad y reconoce el papel fundamental de las mujeres en la construcci\u00f3n de la Venezuela actual. El video destaca el sacrificio de las 129&hellip;<\/p>\n\t\t\t                                    <\/div>\r\n\r\n\t\t\t                                    \t\t\t                                <\/div>\r\n\r\n\t\t\t                            <\/article><!-- #post-2619 -->\r\n\t\t\t                        <\/div>\r\n\t\t\t\t                           <\/div>\r\n            <\/div>\r\n        <\/section>\r\n\t\t\t\t<\/div>\r\n\t\t\t\t<\/div>\r\n\t\t\t\t\t<\/div>\r\n\t\t\t\t<\/div>\r\n\t\t\t\t<\/div>\r\n\t\t","protected":false},"excerpt":{"rendered":"<p>Nuevo ingreso Triunfador Triunfadora Egresado Colaborador Noticias Inameh prev\u00e9 lluvias de intensidad variable y descargas el\u00e9ctricas en varias zonas de Venezuela este #24May 24 de mayo de 202424 de mayo de 2024 Tecnolog\u00eda MS La ma\u00f1ana de este viernes 24 de mayo, el Instituto Nacional de Meteorolog\u00eda e Hidrolog\u00eda (Inameh)&hellip;<\/p>\n","protected":false},"author":1,"featured_media":0,"parent":0,"menu_order":0,"comment_status":"closed","ping_status":"closed","template":"","meta":{"footnotes":""},"_links":{"self":[{"href":"http:\/\/www.misionsucre.gob.ve\/msweb\/index.php\/wp-json\/wp\/v2\/pages\/236"}],"collection":[{"href":"http:\/\/www.misionsucre.gob.ve\/msweb\/index.php\/wp-json\/wp\/v2\/pages"}],"about":[{"href":"http:\/\/www.misionsucre.gob.ve\/msweb\/index.php\/wp-json\/wp\/v2\/types\/page"}],"author":[{"embeddable":true,"href":"http:\/\/www.misionsucre.gob.ve\/msweb\/index.php\/wp-json\/wp\/v2\/users\/1"}],"replies":[{"embeddable":true,"href":"http:\/\/www.misionsucre.gob.ve\/msweb\/index.php\/wp-json\/wp\/v2\/comments?post=236"}],"version-history":[{"count":275,"href":"http:\/\/www.misionsucre.gob.ve\/msweb\/index.php\/wp-json\/wp\/v2\/pages\/236\/revisions"}],"predecessor-version":[{"id":2151,"href":"http:\/\/www.misionsucre.gob.ve\/msweb\/index.php\/wp-json\/wp\/v2\/pages\/236\/revisions\/2151"}],"wp:attachment":[{"href":"http:\/\/www.misionsucre.gob.ve\/msweb\/index.php\/wp-json\/wp\/v2\/media?parent=236"}],"curies":[{"name":"wp","href":"https:\/\/api.w.org\/{rel}","templated":true}]}}