{"id":300,"date":"2024-02-08T11:31:55","date_gmt":"2024-02-08T15:31:55","guid":{"rendered":"http:\/\/localhost\/msweb\/?page_id=300"},"modified":"2024-05-24T17:41:16","modified_gmt":"2024-05-24T21:41:16","slug":"nuevo-ingreso","status":"publish","type":"page","link":"http:\/\/www.misionsucre.gob.ve\/msweb\/index.php\/nuevo-ingreso\/","title":{"rendered":"Nuevo ingreso"},"content":{"rendered":"<h2 style=\"text-align: center;\"><span style=\"color: #212529;\">Pasos a seguir para ser un Triunfador<\/span><\/h2>\n<table class=\"table-\" style=\"width: 100%;\">\n<tbody>\n<tr>\n<td style=\"width: 33.33%; background-color: #eaeaea;\">\n<h5 style=\"text-align: center;\"><span style=\"color: #993366;\">1er Paso <\/span><\/h5>\n<h5 style=\"text-align: center;\"><span style=\"color: #212529;\">Conocer que es ser un Triunfador<\/span><\/h5>\n<p style=\"text-align: center;\">A partir de este momento te identificar\u00e1s como triunfador y debes conocer el porque de la adopci\u00f3n de esta palabra.<\/p>\n<p style=\"text-align: right;\"><a href=\"\/msweb\/index.php\/triunfador\"><span style=\"color: #212529;\"><span style=\"color: #3366ff;\">Leer m\u00e1s&#8230;<\/span><\/span><\/a><\/p>\n<\/td>\n<td rowspan=\"4\"><span style=\"color: #212529;\"><img fetchpriority=\"high\" decoding=\"async\" class=\"size-full wp-image-1878 aligncenter\" src=\"\/msweb\/wp-content\/uploads\/2024\/05\/nuevo-ingreso2.png\" alt=\"\" width=\"283\" height=\"500\" \/><\/span><\/td>\n<td style=\"width: 33.33%; background-color: #eaeaea; text-align: center;\" valign=\"center\">\n<h5 style=\"text-align: center;\"><span style=\"color: #3366ff;\">2er Paso <\/span><\/h5>\n<h5 style=\"text-align: center;\"><span style=\"color: #212529;\">Ubicar carrera y aldea<\/span><\/h5>\n<p class=\"d-none d-md-inline\"><span style=\"color: #212529;\">Debe tener conocimiento de la carrera que desea estudiar y la aldea m\u00e1s cercana que la imparte.<\/span><\/p>\n<p style=\"text-align: right;\"><a href=\"\/msweb\/index.php\/aldeas-y-profesiones\/\"><span style=\"color: #212529;\"><span style=\"color: #3366ff;\">Leer m\u00e1s&#8230;<\/span><\/span><\/a><\/p>\n<\/td>\n<\/tr>\n<tr>\n<td style=\"text-align: center;\"><\/td>\n<td style=\"text-align: center;\"><\/td>\n<\/tr>\n<tr>\n<td style=\"background-color: #eaeaea; text-align: center;\">\n<h5><span style=\"color: #339966;\">3do Paso<\/span><\/h5>\n<h5><span style=\"color: #212529;\">Crear una cuenta de Triunfador<\/span><\/h5>\n<p class=\"d-none d-md-inline\" style=\"text-align: left;\"><span style=\"color: #212529;\">Debo crear una cuenta en el sistema de Triunfadores que me dar\u00e1 acceso a la preinscripci\u00f3n.<\/span><\/p>\n<p style=\"text-align: right;\"><span style=\"color: #212529;\"><a style=\"color: #212529;\" href=\"\/msweb\/index.php\/pasos-para-crear-usuario-en-sistema-sucre\/\" data-wplink-url-error=\"true\"><span style=\"color: #3366ff;\">Leer m\u00e1s&#8230;<\/span><\/a><\/span><\/p>\n<\/td>\n<td style=\"background-color: #eaeaea; text-align: center;\">\n<h5><span style=\"color: #ff9900;\">4er Paso<\/span><\/h5>\n<h5><span style=\"color: #212529;\">Pre-inscripci\u00f3n<\/span><\/h5>\n<p class=\"d-none d-md-inline\" style=\"text-align: left;\"><span style=\"color: #212529;\">Si ya posee su cuenta de Triunfador, debe seguir los pasos para poder completar la pre-inscripci\u00f3n.<\/span><\/p>\n<p style=\"text-align: right;\"><span style=\"color: #212529;\"><a style=\"color: #212529;\" href=\"\/msweb\/index.php\/preinscripcion\/\" data-wplink-url-error=\"true\"><span style=\"color: #3366ff;\">Leer m\u00e1s&#8230;<\/span><\/a><\/span><\/p>\n<\/td>\n<\/tr>\n<tr>\n<td><\/td>\n<td><\/td>\n<td><\/td>\n<\/tr>\n<tr>\n<td>\n<p style=\"text-align: right;\">\n<\/td>\n<td style=\"background-color: #eaeaea; text-align: center;\">\n<h5><span style=\"color: #cc99ff;\">5to Paso<\/span><\/h5>\n<h5><span style=\"color: #212529;\">Formalizar inscripci\u00f3n<\/span><\/h5>\n<p class=\"d-none d-md-inline\" style=\"text-align: left;\"><span style=\"color: #212529;\">Ya pre-inscrito debe organizar los recaudos que consignar\u00e1 en la aldea ubicada en el paso # 1<\/span><\/p>\n<p style=\"text-align: right;\"><span style=\"color: #212529;\"><a style=\"color: #212529;\" href=\"\/msweb\/index.php\/recaudos-inscripcion\/\" data-wplink-url-error=\"true\"><span style=\"color: #3366ff;\">Leer m\u00e1s&#8230;<\/span><\/a><\/span><\/p>\n<\/td>\n<td><\/td>\n<\/tr>\n<tr>\n<td><\/td>\n<td><\/td>\n<td><\/td>\n<\/tr>\n<tr>\n<td><\/td>\n<td><\/td>\n<td><\/td>\n<\/tr>\n<\/tbody>\n<\/table>\n<div class=\"wp-block-group alignfull d-none d-md-inline\" style=\"padding-top: 3rem; padding-bottom: 4rem;\">\n<div class=\"wp-block-columns\" style=\"margin-top: 0; margin-bottom: 0;\">\n<div class=\"wp-block-column\" style=\"padding-bottom: 30px;\">\n<p><!-- \/wp:paragraph --><\/p>\n<\/div>\n<\/div>\n<\/div>\n","protected":false},"excerpt":{"rendered":"<p>Pasos a seguir para ser un Triunfador 1er Paso Conocer que es ser un Triunfador A partir de este momento te identificar\u00e1s como triunfador y debes conocer el porque de la adopci\u00f3n de esta palabra. Leer m\u00e1s&#8230; 2er Paso Ubicar carrera y aldea Debe tener conocimiento de la carrera que&hellip;<\/p>\n","protected":false},"author":1,"featured_media":0,"parent":0,"menu_order":0,"comment_status":"closed","ping_status":"closed","template":"","meta":{"footnotes":""},"_links":{"self":[{"href":"http:\/\/www.misionsucre.gob.ve\/msweb\/index.php\/wp-json\/wp\/v2\/pages\/300"}],"collection":[{"href":"http:\/\/www.misionsucre.gob.ve\/msweb\/index.php\/wp-json\/wp\/v2\/pages"}],"about":[{"href":"http:\/\/www.misionsucre.gob.ve\/msweb\/index.php\/wp-json\/wp\/v2\/types\/page"}],"author":[{"embeddable":true,"href":"http:\/\/www.misionsucre.gob.ve\/msweb\/index.php\/wp-json\/wp\/v2\/users\/1"}],"replies":[{"embeddable":true,"href":"http:\/\/www.misionsucre.gob.ve\/msweb\/index.php\/wp-json\/wp\/v2\/comments?post=300"}],"version-history":[{"count":97,"href":"http:\/\/www.misionsucre.gob.ve\/msweb\/index.php\/wp-json\/wp\/v2\/pages\/300\/revisions"}],"predecessor-version":[{"id":2336,"href":"http:\/\/www.misionsucre.gob.ve\/msweb\/index.php\/wp-json\/wp\/v2\/pages\/300\/revisions\/2336"}],"wp:attachment":[{"href":"http:\/\/www.misionsucre.gob.ve\/msweb\/index.php\/wp-json\/wp\/v2\/media?parent=300"}],"curies":[{"name":"wp","href":"https:\/\/api.w.org\/{rel}","templated":true}]}}