{"id":70,"date":"2024-02-02T20:10:53","date_gmt":"2024-02-03T00:10:53","guid":{"rendered":"http:\/\/localhost\/msweb\/?page_id=70"},"modified":"2024-05-24T17:41:15","modified_gmt":"2024-05-24T21:41:15","slug":"identidad","status":"publish","type":"page","link":"http:\/\/www.misionsucre.gob.ve\/msweb\/index.php\/identidad\/","title":{"rendered":"Identidad"},"content":{"rendered":"<p><strong>\u00bfQU\u00c9 ES LA MISI\u00d3N SUCRE?<\/strong><\/p>\n<p>La Misi\u00f3n Sucre representa un Plan Nacional de decreto presidencial, creada en el a\u00f1o 2003 durante el gobierno bolivariano, bajo el mandato del presidente Hugo Ch\u00e1vez, para garantizar el acceso a la educaci\u00f3n universitaria de vanguardia, con pertinencia social, humanista, orientada a la transformaci\u00f3n, difusi\u00f3n y aprovechamiento creativo de los saberes y haceres de toda la poblaci\u00f3n venezolana, con t\u00edtulo de bachiller.<\/p>\n<p>Constituye una pr\u00e1ctica educativa popular y productiva, con criterios de territorialidad y municipalizaci\u00f3n, que ofrece diversas oportunidades y modalidades de estudios universitarios, orientadas a la construcci\u00f3n de una sociedad democr\u00e1tica y participativa, con pensamiento bolivariano y socialista, a trav\u00e9s de Programas de Formaci\u00f3n Nacional (PNF) a nivel de T\u00e9cnico Superior Universitario y\/o Licenciatura, gracias a la articulaci\u00f3n establecida con Universidades oficiales del pa\u00eds.<\/p>\n<p>Para tal fin, cuenta con aldeas universitarias ubicadas en todas las regiones del pa\u00eds, en diferentes parroquias y municipios, que favorecen la participaci\u00f3n activa de las comunidades, que requieren de horarios y ubicaci\u00f3n accesibles, que permitan avanzar en estudios universitarios, en medio de las din\u00e1micas laborales u ocupaciones adquiridas.<\/p>\n<p><strong>Triunfadores y triunfadoras<\/strong><\/p>\n<p>El origen y uso de la palabra \u00abtriunfador\u00bb en Venezuela para referirse a los estudiantes de la Misi\u00f3n Sucre, <a href=\"\/msweb\/index.php\/triunfador\/\">leer m\u00e1s&#8230;<\/a><\/p>\n","protected":false},"excerpt":{"rendered":"<p>\u00bfQU\u00c9 ES LA MISI\u00d3N SUCRE? La Misi\u00f3n Sucre representa un Plan Nacional de decreto presidencial, creada en el a\u00f1o 2003 durante el gobierno bolivariano, bajo el mandato del presidente Hugo Ch\u00e1vez, para garantizar el acceso a la educaci\u00f3n universitaria de vanguardia, con pertinencia social, humanista, orientada a la transformaci\u00f3n, difusi\u00f3n&hellip;<\/p>\n","protected":false},"author":1,"featured_media":0,"parent":0,"menu_order":0,"comment_status":"closed","ping_status":"closed","template":"","meta":{"footnotes":""},"_links":{"self":[{"href":"http:\/\/www.misionsucre.gob.ve\/msweb\/index.php\/wp-json\/wp\/v2\/pages\/70"}],"collection":[{"href":"http:\/\/www.misionsucre.gob.ve\/msweb\/index.php\/wp-json\/wp\/v2\/pages"}],"about":[{"href":"http:\/\/www.misionsucre.gob.ve\/msweb\/index.php\/wp-json\/wp\/v2\/types\/page"}],"author":[{"embeddable":true,"href":"http:\/\/www.misionsucre.gob.ve\/msweb\/index.php\/wp-json\/wp\/v2\/users\/1"}],"replies":[{"embeddable":true,"href":"http:\/\/www.misionsucre.gob.ve\/msweb\/index.php\/wp-json\/wp\/v2\/comments?post=70"}],"version-history":[{"count":6,"href":"http:\/\/www.misionsucre.gob.ve\/msweb\/index.php\/wp-json\/wp\/v2\/pages\/70\/revisions"}],"predecessor-version":[{"id":2019,"href":"http:\/\/www.misionsucre.gob.ve\/msweb\/index.php\/wp-json\/wp\/v2\/pages\/70\/revisions\/2019"}],"wp:attachment":[{"href":"http:\/\/www.misionsucre.gob.ve\/msweb\/index.php\/wp-json\/wp\/v2\/media?parent=70"}],"curies":[{"name":"wp","href":"https:\/\/api.w.org\/{rel}","templated":true}]}}