{"id":73,"date":"2024-02-02T20:11:44","date_gmt":"2024-02-03T00:11:44","guid":{"rendered":"http:\/\/localhost\/msweb\/?page_id=73"},"modified":"2024-05-24T17:41:16","modified_gmt":"2024-05-24T21:41:16","slug":"mision","status":"publish","type":"page","link":"http:\/\/www.misionsucre.gob.ve\/msweb\/index.php\/mision\/","title":{"rendered":"Misi\u00f3n"},"content":{"rendered":"<p>La Misi\u00f3n Sucre tiene como finalidad, fortalecer la universalizaci\u00f3n de la educaci\u00f3n universitaria, vinculando procesos de formaci\u00f3n, investigaci\u00f3n y desarrollo tecnol\u00f3gico, desde las localidades mismas, garantizando la participaci\u00f3n de todas y todos en la generaci\u00f3n, transformaci\u00f3n y difusi\u00f3n del conocimiento, reivindicando el car\u00e1cter humanista, y el reconocimiento de la interculturalidad, la geohistoria, la identidad nacional y defensa de la soberan\u00eda nacional.<\/p>\n","protected":false},"excerpt":{"rendered":"<p>La Misi\u00f3n Sucre tiene como finalidad, fortalecer la universalizaci\u00f3n de la educaci\u00f3n universitaria, vinculando procesos de formaci\u00f3n, investigaci\u00f3n y desarrollo tecnol\u00f3gico, desde las localidades mismas, garantizando la participaci\u00f3n de todas y todos en la generaci\u00f3n, transformaci\u00f3n y difusi\u00f3n del conocimiento, reivindicando el car\u00e1cter humanista, y el reconocimiento de la interculturalidad,&hellip;<\/p>\n","protected":false},"author":1,"featured_media":0,"parent":0,"menu_order":0,"comment_status":"closed","ping_status":"closed","template":"","meta":{"footnotes":""},"_links":{"self":[{"href":"http:\/\/www.misionsucre.gob.ve\/msweb\/index.php\/wp-json\/wp\/v2\/pages\/73"}],"collection":[{"href":"http:\/\/www.misionsucre.gob.ve\/msweb\/index.php\/wp-json\/wp\/v2\/pages"}],"about":[{"href":"http:\/\/www.misionsucre.gob.ve\/msweb\/index.php\/wp-json\/wp\/v2\/types\/page"}],"author":[{"embeddable":true,"href":"http:\/\/www.misionsucre.gob.ve\/msweb\/index.php\/wp-json\/wp\/v2\/users\/1"}],"replies":[{"embeddable":true,"href":"http:\/\/www.misionsucre.gob.ve\/msweb\/index.php\/wp-json\/wp\/v2\/comments?post=73"}],"version-history":[{"count":2,"href":"http:\/\/www.misionsucre.gob.ve\/msweb\/index.php\/wp-json\/wp\/v2\/pages\/73\/revisions"}],"predecessor-version":[{"id":805,"href":"http:\/\/www.misionsucre.gob.ve\/msweb\/index.php\/wp-json\/wp\/v2\/pages\/73\/revisions\/805"}],"wp:attachment":[{"href":"http:\/\/www.misionsucre.gob.ve\/msweb\/index.php\/wp-json\/wp\/v2\/media?parent=73"}],"curies":[{"name":"wp","href":"https:\/\/api.w.org\/{rel}","templated":true}]}}