{"id":75,"date":"2024-02-02T20:15:06","date_gmt":"2024-02-03T00:15:06","guid":{"rendered":"http:\/\/localhost\/msweb\/?page_id=75"},"modified":"2024-05-24T17:42:03","modified_gmt":"2024-05-24T21:42:03","slug":"vision","status":"publish","type":"page","link":"http:\/\/www.misionsucre.gob.ve\/msweb\/index.php\/vision\/","title":{"rendered":"Visi\u00f3n"},"content":{"rendered":"<p>La Fundaci\u00f3n Misi\u00f3n Sucre tiene como prop\u00f3sito ser una organizaci\u00f3n p\u00fablica de vanguardia y de referencia nacional, generadora de espacios y procesos de formaci\u00f3n que generen el desarrollo del pa\u00eds, inspirados en el pensamiento bolivariano y socialista, a trav\u00e9s de la investigaci\u00f3n y desarrollo de programas educativos universitarios que respondan a las necesidades del pueblo venezolano.<\/p>\n","protected":false},"excerpt":{"rendered":"<p>La Fundaci\u00f3n Misi\u00f3n Sucre tiene como prop\u00f3sito ser una organizaci\u00f3n p\u00fablica de vanguardia y de referencia nacional, generadora de espacios y procesos de formaci\u00f3n que generen el desarrollo del pa\u00eds, inspirados en el pensamiento bolivariano y socialista, a trav\u00e9s de la investigaci\u00f3n y desarrollo de programas educativos universitarios que respondan&hellip;<\/p>\n","protected":false},"author":1,"featured_media":0,"parent":0,"menu_order":0,"comment_status":"closed","ping_status":"closed","template":"","meta":{"footnotes":""},"_links":{"self":[{"href":"http:\/\/www.misionsucre.gob.ve\/msweb\/index.php\/wp-json\/wp\/v2\/pages\/75"}],"collection":[{"href":"http:\/\/www.misionsucre.gob.ve\/msweb\/index.php\/wp-json\/wp\/v2\/pages"}],"about":[{"href":"http:\/\/www.misionsucre.gob.ve\/msweb\/index.php\/wp-json\/wp\/v2\/types\/page"}],"author":[{"embeddable":true,"href":"http:\/\/www.misionsucre.gob.ve\/msweb\/index.php\/wp-json\/wp\/v2\/users\/1"}],"replies":[{"embeddable":true,"href":"http:\/\/www.misionsucre.gob.ve\/msweb\/index.php\/wp-json\/wp\/v2\/comments?post=75"}],"version-history":[{"count":2,"href":"http:\/\/www.misionsucre.gob.ve\/msweb\/index.php\/wp-json\/wp\/v2\/pages\/75\/revisions"}],"predecessor-version":[{"id":806,"href":"http:\/\/www.misionsucre.gob.ve\/msweb\/index.php\/wp-json\/wp\/v2\/pages\/75\/revisions\/806"}],"wp:attachment":[{"href":"http:\/\/www.misionsucre.gob.ve\/msweb\/index.php\/wp-json\/wp\/v2\/media?parent=75"}],"curies":[{"name":"wp","href":"https:\/\/api.w.org\/{rel}","templated":true}]}}