{"id":771,"date":"2024-03-01T15:42:28","date_gmt":"2024-03-01T19:42:28","guid":{"rendered":"http:\/\/tec-2046\/msweb\/?page_id=771"},"modified":"2024-05-24T17:42:02","modified_gmt":"2024-05-24T21:42:02","slug":"recaudos-inscripcion","status":"publish","type":"page","link":"http:\/\/www.misionsucre.gob.ve\/msweb\/index.php\/recaudos-inscripcion\/","title":{"rendered":"Recaudos inscripci\u00f3n"},"content":{"rendered":"<p><b>Una vez realizada la <a href=\"\/msweb\/index.php\/preinscripcion\/\" data-wplink-url-error=\"true\">Pre-inscripci\u00f3n<\/a> debe organizar los recaudos que consignar\u00e1 en la aldea ubicada en el paso #1 de <\/b><strong><a href=\"\/msweb\/index.php\/nuevo-ingreso\/\" data-wplink-url-error=\"true\">Pasos a seguir para ser un Triunfador<\/a><\/strong><\/p>\n<ol>\n<li>Imprimir dos (2) copias de la planilla <strong>CONSTANCIA DE PRE-INSCRIPCI\u00d3N<\/strong>.<\/li>\n<li>Una (1) carpeta (Nueva) de fibra marr\u00f3n, tama\u00f1o oficio con gancho.<\/li>\n<li>Original y copia del Sistema Nacional de Ingreso (SNI).<\/li>\n<li>Original y fondo negro del t\u00edtulo, \u00f3 constancia original de la tramitaci\u00f3n del mismo.<\/li>\n<li>Copia simple del t\u00edtulo de Bachiller.<\/li>\n<li>Copia de las notas certificadas de 1\u00b0 a 5\u00b0 a\u00f1o de bachillerato.<\/li>\n<li>Copia de la c\u00e9dula de identidad ampliada.<\/li>\n<\/ol>\n","protected":false},"excerpt":{"rendered":"<p>Una vez realizada la Pre-inscripci\u00f3n debe organizar los recaudos que consignar\u00e1 en la aldea ubicada en el paso #1 de Pasos a seguir para ser un Triunfador Imprimir dos (2) copias de la planilla CONSTANCIA DE PRE-INSCRIPCI\u00d3N. Una (1) carpeta (Nueva) de fibra marr\u00f3n, tama\u00f1o oficio con gancho. Original y&hellip;<\/p>\n","protected":false},"author":1,"featured_media":0,"parent":0,"menu_order":0,"comment_status":"closed","ping_status":"closed","template":"","meta":{"footnotes":""},"_links":{"self":[{"href":"http:\/\/www.misionsucre.gob.ve\/msweb\/index.php\/wp-json\/wp\/v2\/pages\/771"}],"collection":[{"href":"http:\/\/www.misionsucre.gob.ve\/msweb\/index.php\/wp-json\/wp\/v2\/pages"}],"about":[{"href":"http:\/\/www.misionsucre.gob.ve\/msweb\/index.php\/wp-json\/wp\/v2\/types\/page"}],"author":[{"embeddable":true,"href":"http:\/\/www.misionsucre.gob.ve\/msweb\/index.php\/wp-json\/wp\/v2\/users\/1"}],"replies":[{"embeddable":true,"href":"http:\/\/www.misionsucre.gob.ve\/msweb\/index.php\/wp-json\/wp\/v2\/comments?post=771"}],"version-history":[{"count":6,"href":"http:\/\/www.misionsucre.gob.ve\/msweb\/index.php\/wp-json\/wp\/v2\/pages\/771\/revisions"}],"predecessor-version":[{"id":1809,"href":"http:\/\/www.misionsucre.gob.ve\/msweb\/index.php\/wp-json\/wp\/v2\/pages\/771\/revisions\/1809"}],"wp:attachment":[{"href":"http:\/\/www.misionsucre.gob.ve\/msweb\/index.php\/wp-json\/wp\/v2\/media?parent=771"}],"curies":[{"name":"wp","href":"https:\/\/api.w.org\/{rel}","templated":true}]}}