{"id":783,"date":"2024-03-01T19:41:27","date_gmt":"2024-03-01T23:41:27","guid":{"rendered":"http:\/\/tec-2046\/msweb\/?page_id=783"},"modified":"2024-05-24T17:41:15","modified_gmt":"2024-05-24T21:41:15","slug":"marco-legal","status":"publish","type":"page","link":"http:\/\/www.misionsucre.gob.ve\/msweb\/index.php\/marco-legal\/","title":{"rendered":"Marco legal"},"content":{"rendered":"\t\t<div data-elementor-type=\"wp-page\" data-elementor-id=\"783\" class=\"elementor elementor-783\">\r\n\t\t\t\t<div class=\"elementor-element elementor-element-59f5bfa7 e-flex e-con-boxed e-con e-parent\" data-id=\"59f5bfa7\" data-element_type=\"container\">\r\n\t\t\t\t\t<div class=\"e-con-inner\">\r\n\t\t\t\t<div class=\"elementor-element elementor-element-32113fe5 elementor-widget elementor-widget-text-editor\" data-id=\"32113fe5\" data-element_type=\"widget\" data-widget_type=\"text-editor.default\">\r\n\t\t\t\t<div class=\"elementor-widget-container\">\r\n\t\t\t<style>\/*! elementor - v3.21.0 - 30-04-2024 *\/\r\n.elementor-widget-text-editor.elementor-drop-cap-view-stacked .elementor-drop-cap{background-color:#69727d;color:#fff}.elementor-widget-text-editor.elementor-drop-cap-view-framed .elementor-drop-cap{color:#69727d;border:3px solid;background-color:transparent}.elementor-widget-text-editor:not(.elementor-drop-cap-view-default) .elementor-drop-cap{margin-top:8px}.elementor-widget-text-editor:not(.elementor-drop-cap-view-default) .elementor-drop-cap-letter{width:1em;height:1em}.elementor-widget-text-editor .elementor-drop-cap{float:left;text-align:center;line-height:1;font-size:50px}.elementor-widget-text-editor .elementor-drop-cap-letter{display:inline-block}<\/style>\t\t\t\t<table class=\"table table-hover table-bordered\"><thead style=\"background-color: #3d69b2; color: white;\"><tr><td width=\"105\"><strong>FECHA<\/strong><\/td><td width=\"110\"><strong>GACETA OFICIAL<\/strong><\/td><td width=\"129\"><strong>DECRETO<\/strong><\/td><td width=\"244\"><strong>ASPECTOS RELEVANTES<\/strong><\/td><\/tr><\/thead><tbody><tr><td style=\"text-align: center;\" width=\"105\"><strong>08 de septiembre de 2003<\/strong><\/td><td style=\"text-align: center;\" width=\"110\"><strong>Gaceta oficial n\u00b0 <\/strong><strong>37.779<\/strong><\/td><td style=\"text-align: center;\" width=\"129\"><p><strong>Decreto Presidencial <\/strong><\/p><p><strong>N\u00b0 2.601<\/strong><\/p><\/td><td width=\"244\">Se establece la creaci\u00f3n El Plan Extraordinario Mariscal Antonio Jos\u00e9 de Sucre, denominado<strong> \u201cMisi\u00f3n Sucre\u201d,<\/strong> como una iniciativa del\u00a0 Gobierno Bolivariano durante el mandato del presidente Hugo Ch\u00e1vez, para garantizar la incorporaci\u00f3n y apropiado desempe\u00f1o, en el nivel de Educaci\u00f3n Superior, de los bachilleres excluidos del sistema educativo.<\/td><\/tr><tr><td style=\"text-align: center;\" width=\"105\"><strong>9 de septiembre de 2003<\/strong><\/td><td style=\"text-align: center;\" width=\"110\"><strong>Gaceta oficial N\u00b0<\/strong><strong>\u00a037.772<\/strong><\/td><td style=\"text-align: center;\" width=\"129\"><p><strong> Decreto Presidencial<\/strong><\/p><p><strong>N\u00b0 2.604<\/strong><\/p><\/td><td width=\"244\">La Misi\u00f3n Sucre pasa a ser <strong>Fundaci\u00f3n Misi\u00f3n Sucre (FMS).<\/strong><\/td><\/tr><tr><td style=\"text-align: center;\" width=\"105\"><strong>19 de mayo de 2009<\/strong><\/td><td style=\"text-align: center;\" width=\"110\"><strong>Gaceta oficial N\u00b0<\/strong><strong>39.181<\/strong><\/td><td style=\"text-align: center;\" width=\"129\"><p><strong> Decreto Presidencial<\/strong><\/p><p><strong>N\u00b0 6.709<\/strong><\/p><\/td><td width=\"244\">La Fundaci\u00f3n Misi\u00f3n Sucre es adscrita al Ministerio del Poder Popular para la Educaci\u00f3n Superior.<\/td><\/tr><\/tbody><\/table>\t\t\t\t\t\t<\/div>\r\n\t\t\t\t<\/div>\r\n\t\t\t\t\t<\/div>\r\n\t\t\t\t<\/div>\r\n\t\t\t\t<\/div>\r\n\t\t","protected":false},"excerpt":{"rendered":"<p>FECHA GACETA OFICIAL DECRETO ASPECTOS RELEVANTES 08 de septiembre de 2003 Gaceta oficial n\u00b0 37.779 Decreto Presidencial N\u00b0 2.601 Se establece la creaci\u00f3n El Plan Extraordinario Mariscal Antonio Jos\u00e9 de Sucre, denominado \u201cMisi\u00f3n Sucre\u201d, como una iniciativa del\u00a0 Gobierno Bolivariano durante el mandato del presidente Hugo Ch\u00e1vez, para garantizar la&hellip;<\/p>\n","protected":false},"author":1,"featured_media":0,"parent":0,"menu_order":0,"comment_status":"closed","ping_status":"closed","template":"","meta":{"footnotes":""},"_links":{"self":[{"href":"http:\/\/www.misionsucre.gob.ve\/msweb\/index.php\/wp-json\/wp\/v2\/pages\/783"}],"collection":[{"href":"http:\/\/www.misionsucre.gob.ve\/msweb\/index.php\/wp-json\/wp\/v2\/pages"}],"about":[{"href":"http:\/\/www.misionsucre.gob.ve\/msweb\/index.php\/wp-json\/wp\/v2\/types\/page"}],"author":[{"embeddable":true,"href":"http:\/\/www.misionsucre.gob.ve\/msweb\/index.php\/wp-json\/wp\/v2\/users\/1"}],"replies":[{"embeddable":true,"href":"http:\/\/www.misionsucre.gob.ve\/msweb\/index.php\/wp-json\/wp\/v2\/comments?post=783"}],"version-history":[{"count":20,"href":"http:\/\/www.misionsucre.gob.ve\/msweb\/index.php\/wp-json\/wp\/v2\/pages\/783\/revisions"}],"predecessor-version":[{"id":804,"href":"http:\/\/www.misionsucre.gob.ve\/msweb\/index.php\/wp-json\/wp\/v2\/pages\/783\/revisions\/804"}],"wp:attachment":[{"href":"http:\/\/www.misionsucre.gob.ve\/msweb\/index.php\/wp-json\/wp\/v2\/media?parent=783"}],"curies":[{"name":"wp","href":"https:\/\/api.w.org\/{rel}","templated":true}]}}